{"id":91,"date":"2025-12-20T11:09:55","date_gmt":"2025-12-20T11:09:55","guid":{"rendered":"https:\/\/www.jeux-larouelibre.fr\/?page_id=91"},"modified":"2026-01-28T00:23:24","modified_gmt":"2026-01-28T00:23:24","slug":"les-jeux-2","status":"publish","type":"page","link":"https:\/\/www.jeux-larouelibre.fr\/?page_id=91","title":{"rendered":"Les Jeux"},"content":{"rendered":"\n<div class=\"wp-block-group alignfull has-accent-background-color has-background has-global-padding is-layout-constrained wp-container-core-group-is-layout-669513ed wp-block-group-is-layout-constrained\" style=\"margin-top:0;margin-bottom:0;padding-top:var(--wp--preset--spacing--50);padding-right:var(--wp--preset--spacing--50);padding-bottom:var(--wp--preset--spacing--50);padding-left:var(--wp--preset--spacing--50)\">\n<div class=\"wp-block-columns alignwide is-layout-flex wp-container-core-columns-is-layout-1da03c2a wp-block-columns-is-layout-flex\">\n<div class=\"wp-block-column is-vertically-aligned-stretch is-layout-flow wp-block-column-is-layout-flow\" style=\"flex-basis:50%\">\n<div class=\"wp-block-group is-vertical is-content-justification-stretch is-layout-flex wp-container-core-group-is-layout-444d5ee8 wp-block-group-is-layout-flex\" style=\"min-height:100%\">\n<p class=\"has-heading-font-family has-x-large-font-size\" style=\"line-height:1.2\"><a href=\"https:\/\/www.jeux-larouelibre.fr\/?page_id=95\" data-type=\"page\" data-id=\"95\">LA LUTTE DES KATZ<\/a><\/p>\n\n\n\n<div class=\"wp-block-group has-global-padding is-content-justification-left is-layout-constrained wp-container-core-group-is-layout-c4d06299 wp-block-group-is-layout-constrained\">\n<p class=\"wp-container-content-0733e5d0\">La Lutte des Katz est :<\/p>\n\n\n\n<ul class=\"wp-block-list\">\n<li>Un jeu de strat\u00e9gie \/ diplomatie<\/li>\n\n\n\n<li>Un jeu de voyage \/ un jeu de poche<\/li>\n\n\n\n<li>Un jeu de cartes<\/li>\n\n\n\n<li>Un jeu de 2 \u00e0 4 joueurs avec un mode solo<\/li>\n\n\n\n<li>Il se jour \u00e0 partir de 10 ans<\/li>\n<\/ul>\n\n\n\n<p>Disponibilit\u00e9 : publication en cours<\/p>\n\n\n\n<div class=\"wp-block-buttons is-layout-flex wp-block-buttons-is-layout-flex\">\n<div class=\"wp-block-button\"><a class=\"wp-block-button__link wp-element-button\" href=\"https:\/\/www.jeux-larouelibre.fr\/?page_id=95\">En savoir plus<\/a><\/div>\n<\/div>\n<\/div>\n<\/div>\n<\/div>\n\n\n\n<div class=\"wp-block-column is-vertically-aligned-center is-layout-flow wp-block-column-is-layout-flow\" style=\"flex-basis:40%\">\n<figure class=\"wp-block-image alignright size-full is-resized is-style-rounded is-style-rounded--1\"><a href=\"https:\/\/www.jeux-larouelibre.fr\/?page_id=95\"><img loading=\"lazy\" decoding=\"async\" width=\"627\" height=\"621\" src=\"https:\/\/www.jeux-larouelibre.fr\/wp-content\/uploads\/2026\/01\/3D.png\" alt=\"\" class=\"wp-image-129\" style=\"aspect-ratio:1.0096921148378024;width:341px;height:auto\" srcset=\"https:\/\/www.jeux-larouelibre.fr\/wp-content\/uploads\/2026\/01\/3D.png 627w, https:\/\/www.jeux-larouelibre.fr\/wp-content\/uploads\/2026\/01\/3D-300x297.png 300w, https:\/\/www.jeux-larouelibre.fr\/wp-content\/uploads\/2026\/01\/3D-150x150.png 150w\" sizes=\"auto, (max-width: 627px) 100vw, 627px\" \/><\/a><\/figure>\n<\/div>\n<\/div>\n<\/div>\n\n\n\n<div class=\"wp-block-group alignfull has-base-background-color has-background has-global-padding is-layout-constrained wp-container-core-group-is-layout-d89aad35 wp-block-group-is-layout-constrained\" style=\"margin-top:0;margin-bottom:0;padding-top:var(--wp--preset--spacing--50);padding-right:var(--wp--preset--spacing--50);padding-bottom:var(--wp--preset--spacing--50);padding-left:var(--wp--preset--spacing--50)\">\n<div class=\"wp-block-columns alignwide is-layout-flex wp-container-core-columns-is-layout-549b0c86 wp-block-columns-is-layout-flex\">\n<div class=\"wp-block-column has-global-padding is-content-justification-center is-layout-constrained wp-container-core-column-is-layout-42d62dd4 wp-block-column-is-layout-constrained\" style=\"flex-basis:40%\">\n<figure class=\"wp-block-image size-full\"><a href=\"https:\/\/www.jeux-larouelibre.fr\/?page_id=93\"><img loading=\"lazy\" decoding=\"async\" width=\"848\" height=\"797\" src=\"https:\/\/www.jeux-larouelibre.fr\/wp-content\/uploads\/2026\/01\/Cosmogon-3D.png\" alt=\"\" class=\"wp-image-128\" srcset=\"https:\/\/www.jeux-larouelibre.fr\/wp-content\/uploads\/2026\/01\/Cosmogon-3D.png 848w, https:\/\/www.jeux-larouelibre.fr\/wp-content\/uploads\/2026\/01\/Cosmogon-3D-300x282.png 300w, https:\/\/www.jeux-larouelibre.fr\/wp-content\/uploads\/2026\/01\/Cosmogon-3D-768x722.png 768w\" sizes=\"auto, (max-width: 848px) 100vw, 848px\" \/><\/a><\/figure>\n<\/div>\n\n\n\n<div class=\"wp-block-column is-layout-flow wp-container-core-column-is-layout-119bc444 wp-block-column-is-layout-flow\" style=\"flex-basis:60%\">\n<p class=\"has-heading-font-family has-x-large-font-size\" style=\"line-height:1.2\"><a href=\"https:\/\/www.jeux-larouelibre.fr\/?page_id=93\" data-type=\"page\" data-id=\"93\">COSMOGON<\/a><\/p>\n\n\n\n<div class=\"wp-block-columns is-layout-flex wp-container-core-columns-is-layout-87beb0d0 wp-block-columns-is-layout-flex\">\n<div class=\"wp-block-column is-layout-flow wp-block-column-is-layout-flow\">\n<p>Cosmogon est :<\/p>\n\n\n\n<ul class=\"wp-block-list\">\n<li>Un jeu de r\u00e9flexion<\/li>\n\n\n\n<li>Un jeu de voyage \/ un jeu de poche<\/li>\n\n\n\n<li>Un jeu de cartes<\/li>\n\n\n\n<li>Un jeu de 2 \u00e0 4 joueurs avec un mode solo<\/li>\n\n\n\n<li>Il se joue \u00e0 partir de 7 ans<\/li>\n<\/ul>\n\n\n\n<p>Disponibilit\u00e9 : publication en cours<\/p>\n\n\n\n<div class=\"wp-block-buttons is-layout-flex wp-block-buttons-is-layout-flex\">\n<div class=\"wp-block-button\"><a class=\"wp-block-button__link wp-element-button\" href=\"https:\/\/www.jeux-larouelibre.fr\/?page_id=93\">En savoir plus<\/a><\/div>\n<\/div>\n<\/div>\n<\/div>\n<\/div>\n<\/div>\n<\/div>\n\n\n\n<div class=\"wp-block-group alignfull has-accent-5-background-color has-background has-global-padding is-layout-constrained wp-container-core-group-is-layout-d89aad35 wp-block-group-is-layout-constrained\" style=\"margin-top:0;margin-bottom:0;padding-top:var(--wp--preset--spacing--50);padding-right:var(--wp--preset--spacing--50);padding-bottom:var(--wp--preset--spacing--50);padding-left:var(--wp--preset--spacing--50)\">\n<div class=\"wp-block-columns alignwide is-layout-flex wp-container-core-columns-is-layout-1da03c2a wp-block-columns-is-layout-flex\">\n<div class=\"wp-block-column is-vertically-aligned-center is-layout-flow wp-block-column-is-layout-flow\" style=\"flex-basis:60%\">\n<figure class=\"wp-block-image size-large is-style-rounded is-style-rounded--2\"><img loading=\"lazy\" decoding=\"async\" width=\"1024\" height=\"768\" src=\"https:\/\/www.jeux-larouelibre.fr\/wp-content\/uploads\/2026\/01\/IMG_20220210_222154-1024x768.jpg\" alt=\"\" class=\"wp-image-131\" style=\"aspect-ratio:1;object-fit:cover\" srcset=\"https:\/\/www.jeux-larouelibre.fr\/wp-content\/uploads\/2026\/01\/IMG_20220210_222154-1024x768.jpg 1024w, https:\/\/www.jeux-larouelibre.fr\/wp-content\/uploads\/2026\/01\/IMG_20220210_222154-300x225.jpg 300w, https:\/\/www.jeux-larouelibre.fr\/wp-content\/uploads\/2026\/01\/IMG_20220210_222154-768x576.jpg 768w, https:\/\/www.jeux-larouelibre.fr\/wp-content\/uploads\/2026\/01\/IMG_20220210_222154-1536x1152.jpg 1536w, https:\/\/www.jeux-larouelibre.fr\/wp-content\/uploads\/2026\/01\/IMG_20220210_222154-2048x1536.jpg 2048w\" sizes=\"auto, (max-width: 1024px) 100vw, 1024px\" \/><\/figure>\n<\/div>\n\n\n\n<div class=\"wp-block-column is-layout-flow wp-block-column-is-layout-flow\" style=\"flex-basis:40%\">\n<h2 class=\"wp-block-heading\">Et d&#8217;autres projets \u00e0 venir&#8230;<\/h2>\n\n\n\n<p>Nous souhaitons inscrire nos futurs projets dans le manifeste m\u00e9taludique, et conserver l&#8217;esprit &#8220;jeu de poche de voyage&#8221;.<\/p>\n<\/div>\n<\/div>\n<\/div>\n","protected":false},"excerpt":{"rendered":"<p>LA LUTTE DES KATZ La Lutte des Katz est : Disponibilit\u00e9 : publication en cours COSMOGON Cosmogon est : Disponibilit\u00e9 : publication en cours Et d&#8217;autres projets \u00e0 venir&#8230; Nous souhaitons inscrire nos futurs projets dans le manifeste m\u00e9taludique, et conserver l&#8217;esprit &#8220;jeu de poche de voyage&#8221;.<\/p>\n","protected":false},"author":1,"featured_media":0,"parent":0,"menu_order":3,"comment_status":"closed","ping_status":"closed","template":"","meta":{"footnotes":""},"class_list":["post-91","page","type-page","status-publish","hentry"],"_links":{"self":[{"href":"https:\/\/www.jeux-larouelibre.fr\/index.php?rest_route=\/wp\/v2\/pages\/91","targetHints":{"allow":["GET"]}}],"collection":[{"href":"https:\/\/www.jeux-larouelibre.fr\/index.php?rest_route=\/wp\/v2\/pages"}],"about":[{"href":"https:\/\/www.jeux-larouelibre.fr\/index.php?rest_route=\/wp\/v2\/types\/page"}],"author":[{"embeddable":true,"href":"https:\/\/www.jeux-larouelibre.fr\/index.php?rest_route=\/wp\/v2\/users\/1"}],"replies":[{"embeddable":true,"href":"https:\/\/www.jeux-larouelibre.fr\/index.php?rest_route=%2Fwp%2Fv2%2Fcomments&post=91"}],"version-history":[{"count":5,"href":"https:\/\/www.jeux-larouelibre.fr\/index.php?rest_route=\/wp\/v2\/pages\/91\/revisions"}],"predecessor-version":[{"id":156,"href":"https:\/\/www.jeux-larouelibre.fr\/index.php?rest_route=\/wp\/v2\/pages\/91\/revisions\/156"}],"wp:attachment":[{"href":"https:\/\/www.jeux-larouelibre.fr\/index.php?rest_route=%2Fwp%2Fv2%2Fmedia&parent=91"}],"curies":[{"name":"wp","href":"https:\/\/api.w.org\/{rel}","templated":true}]}}