{"id":95,"date":"2025-12-20T11:15:40","date_gmt":"2025-12-20T11:15:40","guid":{"rendered":"https:\/\/www.jeux-larouelibre.fr\/?page_id=95"},"modified":"2026-01-28T00:21:32","modified_gmt":"2026-01-28T00:21:32","slug":"la-lutte-des-katz","status":"publish","type":"page","link":"https:\/\/www.jeux-larouelibre.fr\/?page_id=95","title":{"rendered":"LA LUTTE DES KATZ"},"content":{"rendered":"\n<div class=\"wp-block-group alignwide has-global-padding is-layout-constrained wp-block-group-is-layout-constrained\">\n<figure class=\"wp-block-image aligncenter size-medium\"><img loading=\"lazy\" decoding=\"async\" width=\"300\" height=\"297\" src=\"https:\/\/www.jeux-larouelibre.fr\/wp-content\/uploads\/2026\/01\/3D-300x297.png\" alt=\"\" class=\"wp-image-129\" srcset=\"https:\/\/www.jeux-larouelibre.fr\/wp-content\/uploads\/2026\/01\/3D-300x297.png 300w, https:\/\/www.jeux-larouelibre.fr\/wp-content\/uploads\/2026\/01\/3D-150x150.png 150w, https:\/\/www.jeux-larouelibre.fr\/wp-content\/uploads\/2026\/01\/3D.png 627w\" sizes=\"auto, (max-width: 300px) 100vw, 300px\" \/><\/figure>\n<\/div>\n\n\n\n<h2 class=\"wp-block-heading has-text-align-right has-medium-font-size\"><em>La Katzpitale est en pleine croissance. De nouveaux travailleurs pauvres arrivent chaque jour. Allez-vous utiliser leur force pour cr\u00e9er de la richesse, ou vous contenter d&#8217;absorber celle des autres ? Serez-vous plut\u00f4t du c\u00f4t\u00e9 de la police pour prot\u00e9ger les int\u00e9r\u00eats de votre Katzpitaliste, ou des F\u00e9lins des Bois pour redistribuer les richesses produites ? Du c\u00f4t\u00e9 des syndikatz ou des politikatz ?<\/em><\/h2>\n\n\n\n<ul class=\"wp-block-list\">\n<li>Jeu de cartes \/ Jeu de voyage \/ Jeu de poche \/ Jeu de strat\u00e9gie \/ Jeu de diplomatie \u00e0 partir de 10 ans<\/li>\n\n\n\n<li>Parties de 20 \u00e0 40 mn<\/li>\n\n\n\n<li>Un jeu de <a href=\"https:\/\/www.jeux-larouelibre.fr\/?page_id=79\" data-type=\"page\" data-id=\"79\">Yves Charamel-Lenain<\/a>, illustr\u00e9 par <a href=\"https:\/\/www.jeux-larouelibre.fr\/?page_id=79\" data-type=\"page\" data-id=\"79\">Matthieu Sotto<\/a><\/li>\n<\/ul>\n\n\n\n<hr class=\"wp-block-separator has-alpha-channel-opacity\" style=\"margin-top:var(--wp--preset--spacing--30);margin-bottom:var(--wp--preset--spacing--30)\"\/>\n\n\n\n<h2 class=\"wp-block-heading\">But du jeu<\/h2>\n\n\n\n<p>Choisissez un clan de Katz et essayez d&#8217;accumuler un maximum de richesses sur vos cartes. Chaque carte a une face &#8220;pauvre&#8221; et une &#8220;riche&#8221; . Seule la face riche apporte des points en fin de partie.<\/p>\n\n\n\n<figure class=\"wp-block-image size-full\"><img loading=\"lazy\" decoding=\"async\" width=\"900\" height=\"264\" src=\"https:\/\/www.jeux-larouelibre.fr\/wp-content\/uploads\/2026\/01\/Katz1.png\" alt=\"\" class=\"wp-image-149\" srcset=\"https:\/\/www.jeux-larouelibre.fr\/wp-content\/uploads\/2026\/01\/Katz1.png 900w, https:\/\/www.jeux-larouelibre.fr\/wp-content\/uploads\/2026\/01\/Katz1-300x88.png 300w, https:\/\/www.jeux-larouelibre.fr\/wp-content\/uploads\/2026\/01\/Katz1-768x225.png 768w\" sizes=\"auto, (max-width: 900px) 100vw, 900px\" \/><\/figure>\n\n\n\n<p class=\"has-small-font-size\">Le chef de votre clan, le <strong>Katzpitaliste<\/strong>, sera d&#8217;autant plus riche que vous r\u00e9ussirez \u00e0 accumuler des travailleurs pauvres autour de lui.<\/p>\n\n\n\n<p>Quand vous placez une carte face pauvre, celui-ci travaille. Et son travail entraine l&#8217;enrichissement automatique des cartes pauvres adjacentes de<br>valeur inf\u00e9rieure ou \u00e9gale &#8211; quel que soit leur clan.<\/p>\n\n\n\n<figure class=\"wp-block-image size-full\"><img loading=\"lazy\" decoding=\"async\" width=\"616\" height=\"764\" src=\"https:\/\/www.jeux-larouelibre.fr\/wp-content\/uploads\/2026\/01\/Katz2.png\" alt=\"\" class=\"wp-image-150\" srcset=\"https:\/\/www.jeux-larouelibre.fr\/wp-content\/uploads\/2026\/01\/Katz2.png 616w, https:\/\/www.jeux-larouelibre.fr\/wp-content\/uploads\/2026\/01\/Katz2-242x300.png 242w\" sizes=\"auto, (max-width: 616px) 100vw, 616px\" \/><\/figure>\n\n\n\n<p>Parfois, vous pourrez placer votre carte directement face riche. Comme il n&#8217;y a pas de travail, il n&#8217;y a aucune cr\u00e9ation de richesse. Il doit donc &#8220;absorber&#8221; exactement la m\u00eame valeur d\u00e9j\u00e0 poss\u00e9d\u00e9e par des cartes riches adjacentes&#8230; qui redeviennent pauvre. C&#8217;est l&#8217;essence de la <strong>Lutte des Katz<\/strong> !<\/p>\n\n\n\n<figure class=\"wp-block-image size-full\"><img loading=\"lazy\" decoding=\"async\" width=\"843\" height=\"747\" src=\"https:\/\/www.jeux-larouelibre.fr\/wp-content\/uploads\/2026\/01\/Katz3.png\" alt=\"\" class=\"wp-image-151\" srcset=\"https:\/\/www.jeux-larouelibre.fr\/wp-content\/uploads\/2026\/01\/Katz3.png 843w, https:\/\/www.jeux-larouelibre.fr\/wp-content\/uploads\/2026\/01\/Katz3-300x266.png 300w, https:\/\/www.jeux-larouelibre.fr\/wp-content\/uploads\/2026\/01\/Katz3-768x681.png 768w\" sizes=\"auto, (max-width: 843px) 100vw, 843px\" \/><\/figure>\n\n\n\n<h2 class=\"wp-block-heading\">Le sel du jeu<\/h2>\n\n\n\n<p>La <strong>Lutte des Katz<\/strong> vous propose un duel tactique in\u00e9dit, parfois d\u00e9routant : dois-je cr\u00e9er de la richesse alors que mes adversaires pourront me la prendre instantan\u00e9ment ? Si personne ne travaille, alors la ville est pauvre, et les opportunit\u00e9s de rapine s&#8217;amenuiseront&#8230;<\/p>\n\n\n\n<p>Le jeu n\u00e9cessite une forme de collaboration &#8211; au moins temporaire. Si le jeu \u00e0 2 est un pur affrontement strat\u00e9gique (le jeu \u00e9tant sans hasard apr\u00e8s sa mise en place), le jeu \u00e0 3 et \u00e0 4 joueurs propose une vraie dimension diplomatique, avec le lot de trahison que cela suppose.<\/p>\n\n\n\n<p>La <strong>Lutte des Katz<\/strong> met \u00e0 votre disposition un mode solo permettant de s&#8217;entra\u00eener avec la m\u00e9canique du jeu tout en vous proposant un d\u00e9fi int\u00e9ressant.<\/p>\n\n\n\n<p>Pour garantir une rejouabilit\u00e9 forte, <strong>8 cartes sp\u00e9ciales<\/strong> sont \u00e0 votre disposition. Elles sont tir\u00e9es au hasard et influent \u00e9norm\u00e9ment sur la strat\u00e9gie \u00e0 utiliser en cours de la partie. Savoir les utiliser au bon endroit et au bon moment fait souvent la diff\u00e9rence entre une partie gagn\u00e9e et une partie perdue.<\/p>\n\n\n\n<figure class=\"wp-block-image size-large\"><img loading=\"lazy\" decoding=\"async\" width=\"1024\" height=\"444\" src=\"https:\/\/www.jeux-larouelibre.fr\/wp-content\/uploads\/2026\/01\/Katz4-1024x444.png\" alt=\"\" class=\"wp-image-152\" srcset=\"https:\/\/www.jeux-larouelibre.fr\/wp-content\/uploads\/2026\/01\/Katz4-1024x444.png 1024w, https:\/\/www.jeux-larouelibre.fr\/wp-content\/uploads\/2026\/01\/Katz4-300x130.png 300w, https:\/\/www.jeux-larouelibre.fr\/wp-content\/uploads\/2026\/01\/Katz4-768x333.png 768w, https:\/\/www.jeux-larouelibre.fr\/wp-content\/uploads\/2026\/01\/Katz4.png 1045w\" sizes=\"auto, (max-width: 1024px) 100vw, 1024px\" \/><\/figure>\n\n\n\n<p>Enfin, <strong>LA LUTTE DES KATZ<\/strong>, c&#8217;est de l&#8217;humour et un engagement politique \u00e9vident au regard du titre et des cartes qui le pars\u00e8me. Chaque choix m\u00e9canique et th\u00e9matique a une histoire et forme un tout coh\u00e9rent.<\/p>\n\n\n\n<hr class=\"wp-block-separator has-alpha-channel-opacity\" style=\"margin-top:var(--wp--preset--spacing--20);margin-bottom:var(--wp--preset--spacing--20)\"\/>\n\n\n\n<figure class=\"wp-block-image size-large\"><img loading=\"lazy\" decoding=\"async\" width=\"1024\" height=\"1024\" src=\"http:\/\/www.jeux-larouelibre.fr\/wp-content\/uploads\/2026\/01\/Illustre-a-la-main-1024x1024.png\" alt=\"\" class=\"wp-image-145\" srcset=\"https:\/\/www.jeux-larouelibre.fr\/wp-content\/uploads\/2026\/01\/Illustre-a-la-main-1024x1024.png 1024w, https:\/\/www.jeux-larouelibre.fr\/wp-content\/uploads\/2026\/01\/Illustre-a-la-main-300x300.png 300w, https:\/\/www.jeux-larouelibre.fr\/wp-content\/uploads\/2026\/01\/Illustre-a-la-main-150x150.png 150w, https:\/\/www.jeux-larouelibre.fr\/wp-content\/uploads\/2026\/01\/Illustre-a-la-main-768x768.png 768w, https:\/\/www.jeux-larouelibre.fr\/wp-content\/uploads\/2026\/01\/Illustre-a-la-main-1536x1536.png 1536w, https:\/\/www.jeux-larouelibre.fr\/wp-content\/uploads\/2026\/01\/Illustre-a-la-main.png 1896w\" sizes=\"auto, (max-width: 1024px) 100vw, 1024px\" \/><\/figure>\n\n\n\n<p><strong>LA LUTTE DES KATZ <\/strong>a \u00e9t\u00e9 illustr\u00e9 sans recours \u00e0 l&#8217;intelligence artificielle par <a href=\"https:\/\/www.jeux-larouelibre.fr\/?page_id=79\" data-type=\"page\" data-id=\"79\">Matthieu Sotto<\/a>.<\/p>\n","protected":false},"excerpt":{"rendered":"<p>La Katzpitale est en pleine croissance. De nouveaux travailleurs pauvres arrivent chaque jour. Allez-vous utiliser leur force pour cr\u00e9er de la richesse, ou vous contenter d&#8217;absorber celle des autres ? Serez-vous plut\u00f4t du c\u00f4t\u00e9 de la police pour prot\u00e9ger les int\u00e9r\u00eats de votre Katzpitaliste, ou des F\u00e9lins des Bois pour redistribuer les richesses produites ? [&hellip;]<\/p>\n","protected":false},"author":1,"featured_media":0,"parent":91,"menu_order":0,"comment_status":"closed","ping_status":"closed","template":"","meta":{"footnotes":""},"class_list":["post-95","page","type-page","status-publish","hentry"],"_links":{"self":[{"href":"https:\/\/www.jeux-larouelibre.fr\/index.php?rest_route=\/wp\/v2\/pages\/95","targetHints":{"allow":["GET"]}}],"collection":[{"href":"https:\/\/www.jeux-larouelibre.fr\/index.php?rest_route=\/wp\/v2\/pages"}],"about":[{"href":"https:\/\/www.jeux-larouelibre.fr\/index.php?rest_route=\/wp\/v2\/types\/page"}],"author":[{"embeddable":true,"href":"https:\/\/www.jeux-larouelibre.fr\/index.php?rest_route=\/wp\/v2\/users\/1"}],"replies":[{"embeddable":true,"href":"https:\/\/www.jeux-larouelibre.fr\/index.php?rest_route=%2Fwp%2Fv2%2Fcomments&post=95"}],"version-history":[{"count":6,"href":"https:\/\/www.jeux-larouelibre.fr\/index.php?rest_route=\/wp\/v2\/pages\/95\/revisions"}],"predecessor-version":[{"id":153,"href":"https:\/\/www.jeux-larouelibre.fr\/index.php?rest_route=\/wp\/v2\/pages\/95\/revisions\/153"}],"up":[{"embeddable":true,"href":"https:\/\/www.jeux-larouelibre.fr\/index.php?rest_route=\/wp\/v2\/pages\/91"}],"wp:attachment":[{"href":"https:\/\/www.jeux-larouelibre.fr\/index.php?rest_route=%2Fwp%2Fv2%2Fmedia&parent=95"}],"curies":[{"name":"wp","href":"https:\/\/api.w.org\/{rel}","templated":true}]}}